{"id":60,"date":"2024-10-16T02:24:29","date_gmt":"2024-10-16T02:24:29","guid":{"rendered":"https:\/\/sg-katolica.com\/contact-us\/"},"modified":"2025-04-29T18:51:54","modified_gmt":"2025-04-29T18:51:54","slug":"contact-us","status":"publish","type":"page","link":"https:\/\/sg-katolica.com\/en\/contact-us\/","title":{"rendered":"Contact Us"},"content":{"rendered":"<div class=\"wp-block-uagb-container uagb-block-4ea82442 alignfull uagb-is-root-container\"><div class=\"uagb-container-inner-blocks-wrap\"><div class=\"wp-block-uagb-advanced-heading uagb-block-5cb667a4\"><h1 class=\"uagb-heading-text\">Contact us <\/h1><\/div><\/div><\/div><div class=\"wp-block-uagb-container uagb-block-cb631c61 alignfull uagb-is-root-container\"><div class=\"uagb-container-inner-blocks-wrap\"><div class=\"wp-block-uagb-info-box uagb-block-e36be1b3 uagb-infobox__content-wrap  uagb-infobox-icon-above-title uagb-infobox-image-valign-top\"><div class=\"uagb-ifb-content\"><div class=\"uagb-ifb-title-wrap\"><h5 class=\"uagb-ifb-title-prefix\">Do you have any questions?<\/h5><h2 class=\"uagb-ifb-title\"> We're here to help.<\/h2><\/div><div class=\"uagb-ifb-separator\"><\/div><\/div><\/div>\n\n<div class=\"wp-block-uagb-container uagb-block-8d478d84\"><div class=\"wp-block-uagb-container uagb-block-eedc770c\"><div class=\"wp-block-uagb-advanced-heading uagb-block-0152d9d2\"><h3 class=\"uagb-heading-text\">Administrative<\/h3><p class=\"uagb-desc-text\">Our administrative team is available to answer your questions and provide you with the information you need.<\/p><\/div>\n\n<div class=\"wp-block-uagb-advanced-heading uagb-block-7b600c7c\"><h5 class=\"uagb-heading-text\">+52 247 104 7219<\/h5><\/div><\/div><\/div><\/div><\/div><div class=\"wp-block-uagb-container uagb-block-77408ad7 alignfull uagb-is-root-container\"><div class=\"uagb-container-inner-blocks-wrap\"><div class=\"wp-block-uagb-info-box uagb-block-35952ac3 uagb-infobox__content-wrap  uagb-infobox-icon-above-title uagb-infobox-image-valign-top wp-block-uagb-info-box--has-margin\"><div class=\"uagb-infobox-margin-wrapper\"><div class=\"uagb-ifb-content\"><div class=\"uagb-ifb-title-wrap\"><h2 class=\"uagb-ifb-title\">Do you have questions or need more information? Contact us!<\/h2><\/div><p class=\"uagb-ifb-desc\">We are here to help you and answer all your questions.<br><br>A trav\u00e9s sgkatolica2@gmail.com  <\/p><\/div><\/div><\/div>\n\n<div class=\"wp-block-uagb-container uagb-block-e2f776e3\"><div class=\"wp-block-uagb-forms uagb-forms__outer-wrap uagb-block-6aabef13 uagb-forms__default-btn\"><form class=\"uagb-forms-main-form\" method=\"post\" autocomplete=\"on\" name=\"uagb-form-6aabef13\" action=\"\"><div class=\"wp-block-uagb-forms-name uagb-forms-name-wrap uagb-forms-field-set uagb-block-d1994833\"><div class=\"uagb-forms-name-label required uagb-forms-input-label\" id=\"d1994833\">First Name<\/div><input type=\"text\" placeholder=\"NAME\" required class=\"uagb-forms-name-input uagb-forms-input\" name=\"d1994833\" autocomplete=\"given-name\"\/><\/div>\n\n<div class=\"wp-block-uagb-forms-name uagb-forms-name-wrap uagb-forms-field-set uagb-block-a362ca6e\"><div class=\"uagb-forms-name-label required uagb-forms-input-label\" id=\"a362ca6e\">Last Name<\/div><input type=\"text\" placeholder=\"ASUNTO\" required class=\"uagb-forms-name-input uagb-forms-input\" name=\"a362ca6e\" autocomplete=\"family-name\"\/><\/div>\n\n<div class=\"wp-block-uagb-forms-email uagb-forms-email-wrap uagb-forms-field-set uagb-block-e0a7c43b\"><div class=\"uagb-forms-email-label  uagb-forms-input-label\" id=\"e0a7c43b\">Email<\/div><input type=\"email\" class=\"uagb-forms-email-input uagb-forms-input\" placeholder=\"EMAIL\" name=\"e0a7c43b\" autocomplete=\"email\"\/><\/div>\n\n<div class=\"wp-block-uagb-forms-textarea uagb-forms-textarea-wrap uagb-forms-field-set uagb-block-f50e786d\"><div class=\"uagb-forms-textarea-label required uagb-forms-input-label\" id=\"f50e786d\">Message<\/div><textarea required class=\"uagb-forms-textarea-input uagb-forms-input\" rows=\"6\" placeholder=\"MENSAJE\" name=\"f50e786d\" autocomplete=\"off\"><\/textarea><\/div><div class=\"uagb-forms-form-hidden-data\"><input type=\"hidden\" id=\"g-recaptcha-response\" class=\"uagb-forms-recaptcha\"\/><input type=\"hidden\" class=\"uagb_forms_form_label\" value=\"Spectra Form\"\/><input type=\"hidden\" class=\"uagb_forms_form_id\" value=\"uagb-form-6aabef13\"\/><\/div><div class=\"g-recaptcha uagb-forms-field-set\" data-sitekey=\"\"><\/div><div class=\"uagb-form-reacaptcha-error-6aabef13\"><\/div><div class=\"uagb-forms-main-submit-button-wrap wp-block-button\"><button class=\"uagb-forms-main-submit-button wp-block-button__link\"><div class=\"uagb-forms-main-submit-button-text\">Enviar mensaje<\/div><\/button><\/div><input type=\"hidden\" name=\"trp-form-language\" value=\"en\"\/><\/form><div class=\"uagb-forms-success-message-6aabef13 uagb-forms-submit-message-hide\"><span>\u00a1El formulario se ha enviado con \u00e9xito!\nEn breve recibir\u00e1s una respuesta por parte de nuestro equipo. <\/span><\/div><div class=\"uagb-forms-failed-message-6aabef13 uagb-forms-submit-message-hide\"><span>Ha habido alg\u00fan error al enviar el formulario. Vuelva a verificar todos los campos del formulario.<\/span><\/div><\/div><\/div><\/div><\/div><div class=\"wp-block-uagb-container uagb-block-e6c99e85 alignfull uagb-is-root-container\"><div class=\"uagb-container-inner-blocks-wrap\"><div class=\"wp-block-uagb-container uagb-block-10af5605\"><iframe src=\"https:\/\/www.google.com\/maps\/embed?pb=!1m18!1m12!1m3!1d235.15662304869613!2d-97.79900550842282!3d19.433740294208818!2m3!1f0!2f0!3f0!3m2!1i1024!2i768!4f13.1!3m3!1m2!1s0x85d001ff53140bf7%3A0xe1be5661e86e62cf!2sSg%20Katolica!5e0!3m2!1ses!2smx!4v1737002958734!5m2!1ses!2smx\" width=\"600\" height=\"450\" style=\"border:0;\" allowfullscreen=\"\" loading=\"lazy\" referrerpolicy=\"no-referrer-when-downgrade\">\n<\/iframe><\/div>\n\n<div class=\"wp-block-uagb-container uagb-block-2eb499ae\"><div class=\"wp-block-uagb-info-box uagb-block-ba63cf74 uagb-infobox__content-wrap  uagb-infobox-icon-left-title uagb-infobox-left uagb-infobox-image-valign-top\"><div class=\"uagb-ifb-content\"><div class=\"uagb-ifb-left-title-image\"><div class=\"uagb-ifb-title-wrap\"><h3 class=\"uagb-ifb-title\">Visit us<\/h3><\/div><\/div><p class=\"uagb-ifb-desc\">Explore our location on the interactive map below and plan your visit with ease. We'd love to welcome you to our facility to answer your questions, show you our options, and help you find what you need. We look forward to seeing you!<\/p><\/div><\/div><\/div><\/div><\/div>","protected":false},"excerpt":{"rendered":"<p>Cont\u00e1ctanos Administrativo Nuestro equipo administrativo est\u00e1 disponible para atender tus consultas y brindarte la informaci\u00f3n que necesitas. +52 247 104 7219<\/p>","protected":false},"author":1,"featured_media":0,"parent":0,"menu_order":0,"comment_status":"closed","ping_status":"closed","template":"","meta":{"_uag_custom_page_level_css":"","site-sidebar-layout":"no-sidebar","site-content-layout":"plain-container","ast-site-content-layout":"full-width-container","site-content-style":"default","site-sidebar-style":"default","ast-global-header-display":"","ast-banner-title-visibility":"","ast-main-header-display":"","ast-hfb-above-header-display":"","ast-hfb-below-header-display":"","ast-hfb-mobile-header-display":"","site-post-title":"disabled","ast-breadcrumbs-content":"","ast-featured-img":"","footer-sml-layout":"","ast-disable-related-posts":"","theme-transparent-header-meta":"enabled","adv-header-id-meta":"","stick-header-meta":"","header-above-stick-meta":"","header-main-stick-meta":"","header-below-stick-meta":"","astra-migrate-meta-layouts":"set","ast-page-background-enabled":"default","ast-page-background-meta":{"desktop":{"background-color":"","background-image":"","background-repeat":"repeat","background-position":"center center","background-size":"auto","background-attachment":"scroll","background-type":"","background-media":"","overlay-type":"","overlay-color":"","overlay-opacity":"","overlay-gradient":""},"tablet":{"background-color":"","background-image":"","background-repeat":"repeat","background-position":"center center","background-size":"auto","background-attachment":"scroll","background-type":"","background-media":"","overlay-type":"","overlay-color":"","overlay-opacity":"","overlay-gradient":""},"mobile":{"background-color":"","background-image":"","background-repeat":"repeat","background-position":"center center","background-size":"auto","background-attachment":"scroll","background-type":"","background-media":"","overlay-type":"","overlay-color":"","overlay-opacity":"","overlay-gradient":""}},"ast-content-background-meta":{"desktop":{"background-color":"var(--ast-global-color-4)","background-image":"","background-repeat":"repeat","background-position":"center center","background-size":"auto","background-attachment":"scroll","background-type":"","background-media":"","overlay-type":"","overlay-color":"","overlay-opacity":"","overlay-gradient":""},"tablet":{"background-color":"var(--ast-global-color-4)","background-image":"","background-repeat":"repeat","background-position":"center center","background-size":"auto","background-attachment":"scroll","background-type":"","background-media":"","overlay-type":"","overlay-color":"","overlay-opacity":"","overlay-gradient":""},"mobile":{"background-color":"var(--ast-global-color-4)","background-image":"","background-repeat":"repeat","background-position":"center center","background-size":"auto","background-attachment":"scroll","background-type":"","background-media":"","overlay-type":"","overlay-color":"","overlay-opacity":"","overlay-gradient":""}},"footnotes":""},"class_list":["post-60","page","type-page","status-publish","hentry"],"aioseo_notices":[],"uagb_featured_image_src":{"full":false,"thumbnail":false,"medium":false,"medium_large":false,"large":false,"1536x1536":false,"2048x2048":false,"trp-custom-language-flag":false,"woocommerce_thumbnail":false,"woocommerce_single":false,"woocommerce_gallery_thumbnail":false,"dgwt-wcas-product-suggestion":false},"uagb_author_info":{"display_name":"bampalexis22@gmail.com","author_link":"https:\/\/sg-katolica.com\/en\/author\/bampalexis22gmail-com\/"},"uagb_comment_info":0,"uagb_excerpt":"Cont\u00e1ctanos Administrativo Nuestro equipo administrativo est\u00e1 disponible para atender tus consultas y brindarte la informaci\u00f3n que necesitas. +52 247 104 7219","_links":{"self":[{"href":"https:\/\/sg-katolica.com\/en\/wp-json\/wp\/v2\/pages\/60"}],"collection":[{"href":"https:\/\/sg-katolica.com\/en\/wp-json\/wp\/v2\/pages"}],"about":[{"href":"https:\/\/sg-katolica.com\/en\/wp-json\/wp\/v2\/types\/page"}],"author":[{"embeddable":true,"href":"https:\/\/sg-katolica.com\/en\/wp-json\/wp\/v2\/users\/1"}],"replies":[{"embeddable":true,"href":"https:\/\/sg-katolica.com\/en\/wp-json\/wp\/v2\/comments?post=60"}],"version-history":[{"count":12,"href":"https:\/\/sg-katolica.com\/en\/wp-json\/wp\/v2\/pages\/60\/revisions"}],"predecessor-version":[{"id":3216,"href":"https:\/\/sg-katolica.com\/en\/wp-json\/wp\/v2\/pages\/60\/revisions\/3216"}],"wp:attachment":[{"href":"https:\/\/sg-katolica.com\/en\/wp-json\/wp\/v2\/media?parent=60"}],"curies":[{"name":"wp","href":"https:\/\/api.w.org\/{rel}","templated":true}]}}