{"id":3493,"date":"2026-05-03T22:43:02","date_gmt":"2026-05-03T22:43:02","guid":{"rendered":"https:\/\/sg-katolica.com\/?post_type=product&#038;p=3493"},"modified":"2026-05-03T22:43:02","modified_gmt":"2026-05-03T22:43:02","slug":"alba-hueso-de-algodon-poliester-linea-a","status":"publish","type":"product","link":"https:\/\/sg-katolica.com\/en\/product\/alba-hueso-de-algodon-poliester-linea-a\/","title":{"rendered":"Alba hueso de Algod\u00f3n poliester, l\u00ednea A"},"content":{"rendered":"<p>Alba hueso de Algod\u00f3n poliester, l\u00ednea A, Talla M<\/p>","protected":false},"excerpt":{"rendered":"<p>Alba hueso de Algod\u00f3n poliester, l\u00ednea A, Talla M<\/p>","protected":false},"featured_media":3494,"comment_status":"open","ping_status":"closed","template":"","meta":{"_uag_custom_page_level_css":"","site-sidebar-layout":"default","site-content-layout":"","ast-site-content-layout":"default","site-content-style":"default","site-sidebar-style":"default","ast-global-header-display":"","ast-banner-title-visibility":"","ast-main-header-display":"","ast-hfb-above-header-display":"","ast-hfb-below-header-display":"","ast-hfb-mobile-header-display":"","site-post-title":"","ast-breadcrumbs-content":"","ast-featured-img":"","footer-sml-layout":"","ast-disable-related-posts":"","theme-transparent-header-meta":"default","adv-header-id-meta":"","stick-header-meta":"","header-above-stick-meta":"","header-main-stick-meta":"","header-below-stick-meta":"","astra-migrate-meta-layouts":"set","ast-page-background-enabled":"default","ast-page-background-meta":{"desktop":{"background-color":"","background-image":"","background-repeat":"repeat","background-position":"center center","background-size":"auto","background-attachment":"scroll","background-type":"","background-media":"","overlay-type":"","overlay-color":"","overlay-opacity":"","overlay-gradient":""},"tablet":{"background-color":"","background-image":"","background-repeat":"repeat","background-position":"center center","background-size":"auto","background-attachment":"scroll","background-type":"","background-media":"","overlay-type":"","overlay-color":"","overlay-opacity":"","overlay-gradient":""},"mobile":{"background-color":"","background-image":"","background-repeat":"repeat","background-position":"center center","background-size":"auto","background-attachment":"scroll","background-type":"","background-media":"","overlay-type":"","overlay-color":"","overlay-opacity":"","overlay-gradient":""}},"ast-content-background-meta":{"desktop":{"background-color":"var(--ast-global-color-4)","background-image":"","background-repeat":"repeat","background-position":"center center","background-size":"auto","background-attachment":"scroll","background-type":"","background-media":"","overlay-type":"","overlay-color":"","overlay-opacity":"","overlay-gradient":""},"tablet":{"background-color":"var(--ast-global-color-4)","background-image":"","background-repeat":"repeat","background-position":"center center","background-size":"auto","background-attachment":"scroll","background-type":"","background-media":"","overlay-type":"","overlay-color":"","overlay-opacity":"","overlay-gradient":""},"mobile":{"background-color":"var(--ast-global-color-4)","background-image":"","background-repeat":"repeat","background-position":"center center","background-size":"auto","background-attachment":"scroll","background-type":"","background-media":"","overlay-type":"","overlay-color":"","overlay-opacity":"","overlay-gradient":""}}},"product_cat":[21,87],"product_tag":[],"class_list":{"0":"post-3493","1":"product","2":"type-product","3":"status-publish","4":"has-post-thumbnail","6":"product_cat-albas","7":"product_cat-alba-algodon","8":"desktop-align-left","9":"tablet-align-left","10":"mobile-align-left","12":"first","13":"instock","14":"shipping-taxable","15":"purchasable","16":"product-type-simple"},"aioseo_notices":[],"uagb_featured_image_src":{"full":["https:\/\/sg-katolica.com\/wp-content\/uploads\/2026\/05\/ddd2ddff.png",374,666,false],"thumbnail":["https:\/\/sg-katolica.com\/wp-content\/uploads\/2026\/05\/ddd2ddff-150x150.png",150,150,true],"medium":["https:\/\/sg-katolica.com\/wp-content\/uploads\/2026\/05\/ddd2ddff-168x300.png",168,300,true],"medium_large":["https:\/\/sg-katolica.com\/wp-content\/uploads\/2026\/05\/ddd2ddff.png",374,666,false],"large":["https:\/\/sg-katolica.com\/wp-content\/uploads\/2026\/05\/ddd2ddff.png",374,666,false],"1536x1536":["https:\/\/sg-katolica.com\/wp-content\/uploads\/2026\/05\/ddd2ddff.png",374,666,false],"2048x2048":["https:\/\/sg-katolica.com\/wp-content\/uploads\/2026\/05\/ddd2ddff.png",374,666,false],"trp-custom-language-flag":["https:\/\/sg-katolica.com\/wp-content\/uploads\/2026\/05\/ddd2ddff-7x12.png",7,12,true],"woocommerce_thumbnail":["https:\/\/sg-katolica.com\/wp-content\/uploads\/2026\/05\/ddd2ddff-300x300.png",300,300,true],"woocommerce_single":["https:\/\/sg-katolica.com\/wp-content\/uploads\/2026\/05\/ddd2ddff.png",374,666,false],"woocommerce_gallery_thumbnail":["https:\/\/sg-katolica.com\/wp-content\/uploads\/2026\/05\/ddd2ddff-100x100.png",100,100,true],"dgwt-wcas-product-suggestion":["https:\/\/sg-katolica.com\/wp-content\/uploads\/2026\/05\/ddd2ddff-64x114.png",64,114,true]},"uagb_author_info":{"display_name":"bampalexis22@gmail.com","author_link":"https:\/\/sg-katolica.com\/en\/author\/"},"uagb_comment_info":0,"uagb_excerpt":"Alba hueso de Algod\u00f3n poliester, l\u00ednea A, Talla M","_links":{"self":[{"href":"https:\/\/sg-katolica.com\/en\/wp-json\/wp\/v2\/product\/3493"}],"collection":[{"href":"https:\/\/sg-katolica.com\/en\/wp-json\/wp\/v2\/product"}],"about":[{"href":"https:\/\/sg-katolica.com\/en\/wp-json\/wp\/v2\/types\/product"}],"replies":[{"embeddable":true,"href":"https:\/\/sg-katolica.com\/en\/wp-json\/wp\/v2\/comments?post=3493"}],"wp:featuredmedia":[{"embeddable":true,"href":"https:\/\/sg-katolica.com\/en\/wp-json\/wp\/v2\/media\/3494"}],"wp:attachment":[{"href":"https:\/\/sg-katolica.com\/en\/wp-json\/wp\/v2\/media?parent=3493"}],"wp:term":[{"taxonomy":"product_cat","embeddable":true,"href":"https:\/\/sg-katolica.com\/en\/wp-json\/wp\/v2\/product_cat?post=3493"},{"taxonomy":"product_tag","embeddable":true,"href":"https:\/\/sg-katolica.com\/en\/wp-json\/wp\/v2\/product_tag?post=3493"}],"curies":[{"name":"wp","href":"https:\/\/api.w.org\/{rel}","templated":true}]}}